{"id":896,"date":"2025-10-01T12:39:29","date_gmt":"2025-10-01T10:39:29","guid":{"rendered":"https:\/\/maradigma.com\/cookie-policy\/"},"modified":"2025-12-10T17:14:53","modified_gmt":"2025-12-10T16:14:53","slug":"politica-de-cookies","status":"publish","type":"page","link":"https:\/\/maradigma.com\/es\/politica-de-cookies\/","title":{"rendered":"Pol\u00edtica de Cookies"},"content":{"rendered":"<div class=\"wpb-content-wrapper\">[vc_row full_width=\u00bbstretch_row\u00bb content_placement=\u00bbmiddle\u00bb min_height=\u00bb300px\u00bb css=\u00bb.vc_custom_1759403332648{margin-bottom: 0px !important;background-image: url(https:\/\/maradigma.com\/wp-content\/uploads\/2025\/10\/bgbluewaves.webp?id=137) !important;}\u00bb wpex_bg_color=\u00bbaccent\u00bb][vc_column]<style>.vcex-heading.vcex_69e0e557d865f{color:#ffffff;font-size:32px;font-family:var(--wpex-favorit-font);font-weight:500;}<\/style><h2 class=\"vcex-heading vcex-heading-plain vcex-module wpex-heading wpex-text-2xl wpex-text-center vcex_69e0e557d865f\"><span class=\"vcex-heading-inner wpex-inline-block\">Pol\u00edtica de Cookies<\/span><\/h2>[\/vc_column][\/vc_row][vc_row full_width=\u00bbstretch_row\u00bb min_height=\u00bb500px\u00bb css=\u00bb.vc_custom_1761612700527{margin-top: 0px !important;margin-bottom: 0px !important;padding-top: 60px !important;padding-bottom: 60px !important;background-image: url(https:\/\/maradigma.com\/wp-content\/uploads\/2025\/10\/bgbackgroundgreytopmod-scaled.webp?id=1170) !important;background-position: 0 0 !important;background-repeat: no-repeat !important;}\u00bb wpex_bg_size=\u00bb100% auto\u00bb][vc_column][vc_column_text css=\u00bb\u00bb]\n<div class=\"card-body p-10\">\n<div class=\"card-body p-10\">\n<h2 class=\"mb-3\">1. Pol\u00edtica de Cookies<\/h2>\n<h3 class=\"mb-3\">Informaci\u00f3n general<\/h3>\n<p>Debido a la entrada en vigor de la referente modificaci\u00f3n de la \u201cLey de Servicios de la Sociedad de la Informaci\u00f3n\u201d (LSSICE) establecida por el Real Decreto 13\/2012, es de obligaci\u00f3n obtener el consentimiento expreso del usuario de todas las p\u00e1ginas web que usan cookies prescindibles, antes de que \u00e9ste navegue por ellas.<\/p>\n<h3 class=\"mb-3\">\u00bfQu\u00e9 son las cookies?<\/h3>\n<p>Las cookies y otras tecnolog\u00edas similares tales como local shared objects, flash cookies o p\u00edxeles, son herramientas empleadas por los servidores Web para almacenar y recuperar informaci\u00f3n acerca de sus visitantes, as\u00ed como para ofrecer un correcto funcionamiento del sitio.<\/p>\n<p>Mediante el uso de estos dispositivos se permite al servidor Web recordar algunos datos concernientes al usuario, como sus preferencias para la visualizaci\u00f3n de las p\u00e1ginas de ese servidor, nombre y contrase\u00f1a, productos que m\u00e1s le interesan, etc.<\/p>\n<h3 class=\"mb-3\">Cookies afectadas por la normativa y cookies exceptuadas<\/h3>\n<p>Seg\u00fan la directiva de la UE, las cookies que requieren el consentimiento informado por parte del usuario son las cookies de anal\u00edtica y las de publicidad y afiliaci\u00f3n, quedando exceptuadas las de car\u00e1cter t\u00e9cnico y las necesarias para el funcionamiento del sitio web o la prestaci\u00f3n de servicios expresamente solicitados por el usuario.<\/p>\n<h3 class=\"mb-3\">\u00bfQu\u00e9 tipos de cookies existen?<\/h3>\n<h5 class=\"mb-3\">Seg\u00fan su titularidad<\/h5>\n<ul class=\"icon-list bullet-bg bullet-soft-primary\">\n<li><i class=\"uil uil-check\"><\/i>Cookies propias: Son aqu\u00e9llas que se env\u00edan al equipo terminal del usuario desde un equipo o dominio gestionado por el propio editor y desde el que se presta el servicio Solicitado por el usuario.<\/li>\n<li><i class=\"uil uil-check\"><\/i>Cookies de terceros: Son aqu\u00e9llas que se env\u00edan al equipo terminal del usuario desde un equipo o dominio que no es gestionado por el editor, sino por otra entidad que trata los datos obtenidos trav\u00e9s de las cookies.<\/li>\n<\/ul>\n<h5 class=\"mb-3\">Seg\u00fan su duraci\u00f3n<\/h5>\n<ul class=\"icon-list bullet-bg bullet-soft-primary\">\n<li><i class=\"uil uil-check\"><\/i>Cookies de sesi\u00f3n: Son un tipo de cookies dise\u00f1adas para recabar y almacenar datos mientras el usuario accede a una p\u00e1gina web.<\/li>\n<li><i class=\"uil uil-check\"><\/i>Cookies persistentes: Son un tipo de cookies en el que los datos siguen almacenados en el terminal y pueden ser accedidos y tratados durante un periodo definido por el responsable de la cookie, y que puede ir de unos minutos a varios a\u00f1os.<\/li>\n<\/ul>\n<h5 class=\"mb-3\">Seg\u00fan su funcionalidad<\/h5>\n<ul class=\"icon-list bullet-bg bullet-soft-primary\">\n<li><i class=\"uil uil-check\"><\/i>Cookies necesarias: son aquellas imprescindibles para el correcto funcionamiento del sitio web. No recopilan ning\u00fan tipo de datos de usuario y recogen informaci\u00f3n como la preferencia de idioma, si se ha aceptado la pol\u00edtica de cookies, etc.<\/li>\n<li><i class=\"uil uil-check\"><\/i>Cookies de an\u00e1lisis: Son aqu\u00e9llas que bien tratadas por nosotros o por terceros, nos permiten cuantificar el n\u00famero de usuarios y as\u00ed realizar la medici\u00f3n y an\u00e1lisis estad\u00edstico de la utilizaci\u00f3n que hacen los usuarios del servicio ofertado. Para ello se analiza su navegaci\u00f3n en nuestra p\u00e1gina web con el fin de mejorar la oferta de productos o servicios que le ofrecemos.<\/li>\n<li><i class=\"uil uil-check\"><\/i>Cookies publicitarias o de marketing: Son aqu\u00e9llas que permiten la gesti\u00f3n, de la forma m\u00e1s eficaz posible, de los espacios publicitarios que, en su caso, el editor haya incluido en una p\u00e1gina web, aplicaci\u00f3n o plataforma desde la que presta el servicio solicitado en base a criterios como el contenido editado o la frecuencia en la que se muestran los anuncios.<\/li>\n<li><i class=\"uil uil-check\"><\/i>Behavioral advertising or personalized marketing cookies: These are those that allow the management, in the most efficient way possible, of the advertising spaces that, where appropriate, the editor has included in a web page, application or platform from which the service is provided. solicited service. These cookies store information on the behavior of users obtained through the continuous observation of their browsing habits, which allows the development of a specific profile to display advertising based on it. It is also possible that when you visit a web page or open an email where an advertisement or promotion about our products or services is published, a cookie is installed in your browser that helps us to later show you advertising related to the search you have made, develop a control of our advertisements in relation, for example, to the number of times they are seen, where they appear, what time they are seen, etc.<\/li>\n<\/ul>\n<h3 class=\"mb-3\">Declaraci\u00f3n de cookies<\/h3>\n<p>Utilizamos cookies de GOOGLE ANALYTICS para recopilar estad\u00edsticas an\u00f3nimas y conjuntas que nos permiten comprender la forma en que los usuarios utilizan nuestro sitio web, con el fin de mejorarlo y ajustarlo a las preferencias de nuestros visitantes.<\/p>\n<p>GOOGLE ANALYTICS es una herramienta proporcionada por la empresa Google, Inc., 1600 Amphitheatre Parkway. Mountain View, CA 94043. Estados Unidos. Puede obtener m\u00e1s informaci\u00f3n sobre el funcionamiento de GOOGLE ANALYTICS y las cookies utilizadas por este servicio en los siguientes enlaces:<\/p>\n<ul class=\"icon-list bullet-bg bullet-soft-primary\">\n<li><i class=\"uil uil-check\"><\/i><a href=\"https:\/\/www.bchmultiservices.com\/es\/URL\" target=\"_blank\" rel=\"noopener \u201dnoreferrer&quot;\">https:\/\/support.google.com\/analytics\/answer\/6004245<\/a><\/li>\n<li><i class=\"uil uil-check\"><\/i><a href=\"https:\/\/www.bchmultiservices.com\/es\/URL\" target=\"_blank\" rel=\"noopener \u201dnoreferrer&quot;\">http:\/\/www.google.com\/intl\/en\/policies\/privacy\/<\/a><\/li>\n<\/ul>\n<p>You can desactivate GOOGLE ANALYTICS cookies by installing in your browser the opt-out add-on created by Google and available at the following link: <a href=\"https:\/\/tools.google.com\/dlpage\/gaoptout?hl=en\" target=\"_blank\" rel=\"noopener \u201dnoreferrer&quot;\">https:\/\/tools.google.com\/dlpage\/gaoptout?hl=en<\/a><\/p>\n<h3 class=\"mb-3\">Revocaci\u00f3n del consentimiento para instalar Cookies<\/h3>\n<p>C\u00f3mo eliminar las Cookies del navegador:<\/p>\n<ul class=\"icon-list bullet-bg bullet-soft-primary\">\n<li style=\"list-style-type: none;\">\n<ul class=\"icon-list bullet-bg bullet-soft-primary\">\n<li><i class=\"uil uil-check\"><\/i>Chrome:<\/li>\n<\/ul>\n<\/li>\n<\/ul>\n<p><a href=\"https:\/\/www.bchmultiservices.com\/es\/URL\" target=\"_blank\" rel=\"noopener \u201dnoreferrer&quot;\">https:\/\/support.google.com\/chrome\/answer\/95647<\/a><\/p>\n<ul class=\"icon-list bullet-bg bullet-soft-primary\">\n<li style=\"list-style-type: none;\">\n<ul class=\"icon-list bullet-bg bullet-soft-primary\">\n<li style=\"list-style-type: none;\">\n<ul class=\"icon-list bullet-bg bullet-soft-primary\">\n<li><i class=\"uil uil-check\"><\/i>Internet Explorer:<\/li>\n<\/ul>\n<\/li>\n<\/ul>\n<\/li>\n<\/ul>\n<p><a href=\"https:\/\/www.bchmultiservices.com\/es\/URL\" target=\"_blank\" rel=\"noopener \u201dnoreferrer&quot;\">https:\/\/support.microsoft.com\/es-es\/help\/17442\/windows-internet-explorer-delete-manage-cookies<\/a><\/p>\n<ul class=\"icon-list bullet-bg bullet-soft-primary\">\n<li style=\"list-style-type: none;\">\n<ul class=\"icon-list bullet-bg bullet-soft-primary\">\n<li style=\"list-style-type: none;\">\n<ul class=\"icon-list bullet-bg bullet-soft-primary\">\n<li style=\"list-style-type: none;\">\n<ul class=\"icon-list bullet-bg bullet-soft-primary\">\n<li><i class=\"uil uil-check\"><\/i>Firefox:<\/li>\n<\/ul>\n<\/li>\n<\/ul>\n<\/li>\n<\/ul>\n<\/li>\n<\/ul>\n<p><a href=\"https:\/\/www.bchmultiservices.com\/es\/URL\" target=\"_blank\" rel=\"noopener \u201dnoreferrer&quot;\">https:\/\/support.mozilla.org\/es\/kb\/habilitar-y-deshabilitar-cookies-sitios-web-rastrear-preferencias<\/a><\/p>\n<ul class=\"icon-list bullet-bg bullet-soft-primary\">\n<li style=\"list-style-type: none;\">\n<ul class=\"icon-list bullet-bg bullet-soft-primary\">\n<li style=\"list-style-type: none;\">\n<ul class=\"icon-list bullet-bg bullet-soft-primary\">\n<li style=\"list-style-type: none;\">\n<ul class=\"icon-list bullet-bg bullet-soft-primary\">\n<li style=\"list-style-type: none;\">\n<ul class=\"icon-list bullet-bg bullet-soft-primary\">\n<li><i class=\"uil uil-check\"><\/i>Safari:<\/li>\n<\/ul>\n<\/li>\n<\/ul>\n<\/li>\n<\/ul>\n<\/li>\n<\/ul>\n<\/li>\n<\/ul>\n<p><a href=\"https:\/\/www.bchmultiservices.com\/es\/URL\" target=\"_blank\" rel=\"noopener \u201dnoreferrer&quot;\">https:\/\/support.apple.com\/es-es\/guide\/safari\/sfri11471\/mac<\/a><\/p>\n<ul class=\"icon-list bullet-bg bullet-soft-primary\">\n<li style=\"list-style-type: none;\">\n<ul class=\"icon-list bullet-bg bullet-soft-primary\">\n<li style=\"list-style-type: none;\">\n<ul class=\"icon-list bullet-bg bullet-soft-primary\">\n<li style=\"list-style-type: none;\">\n<ul class=\"icon-list bullet-bg bullet-soft-primary\">\n<li style=\"list-style-type: none;\">\n<ul class=\"icon-list bullet-bg bullet-soft-primary\">\n<li style=\"list-style-type: none;\">\n<ul class=\"icon-list bullet-bg bullet-soft-primary\">\n<li><i class=\"uil uil-check\"><\/i>Opera:<\/li>\n<\/ul>\n<\/li>\n<\/ul>\n<\/li>\n<\/ul>\n<\/li>\n<\/ul>\n<\/li>\n<\/ul>\n<\/li>\n<\/ul>\n<p><a href=\"https:\/\/www.bchmultiservices.com\/es\/URL\" target=\"_blank\" rel=\"noopener \u201dnoreferrer&quot;\">https:\/\/www.opera.com\/help\/tutorials\/security\/privacy\/<\/a>Si no aparece listado, consulte la documentaci\u00f3n del navegador que tenga instalado para bloquear, eliminar o permitir la descarga de Cookies.<\/p>\n<\/div>\n<\/div>\n[\/vc_column_text][\/vc_column][\/vc_row]\n<\/div>","protected":false},"excerpt":{"rendered":"<p>[vc_row full_width=\u00bbstretch_row\u00bb content_placement=\u00bbmiddle\u00bb min_height=\u00bb300px\u00bb css=\u00bb.vc_custom_1759403332648{margin-bottom: 0px !important;background-image: url(https:\/\/maradigma.com\/wp-content\/uploads\/2025\/10\/bgbluewaves.webp?id=137) !important;}\u00bb wpex_bg_color=\u00bbaccent\u00bb][vc_column][\/vc_column][\/vc_row][vc_row full_width=\u00bbstretch_row\u00bb min_height=\u00bb500px\u00bb css=\u00bb.vc_custom_1761612700527{margin-top: 0px !important;margin-bottom: 0px !important;padding-top: 60px !important;padding-bottom: 60px !important;background-image: url(https:\/\/maradigma.com\/wp-content\/uploads\/2025\/10\/bgbackgroundgreytopmod-scaled.webp?id=1170) !important;background-position: 0 0 !important;background-repeat: no-repeat !important;}\u00bb wpex_bg_size=\u00bb100% auto\u00bb][vc_column][vc_column_text css=\u00bb\u00bb] 1. Pol\u00edtica de Cookies Informaci\u00f3n general Debido a la entrada en vigor de la referente modificaci\u00f3n de la \u201cLey de Servicios de la Sociedad&hellip;<\/p>\n","protected":false},"author":1,"featured_media":0,"parent":0,"menu_order":0,"comment_status":"closed","ping_status":"closed","template":"","meta":{"inline_featured_image":false,"footnotes":""},"class_list":["post-896","page","type-page","status-publish","hentry","entry","no-media"],"yoast_head":"<!-- This site is optimized with the Yoast SEO plugin v26.5 - https:\/\/yoast.com\/wordpress\/plugins\/seo\/ -->\n<title>Pol\u00edtica de Cookies - MARADIGMA<\/title>\n<meta name=\"robots\" content=\"noindex, nofollow\" \/>\n<meta property=\"og:locale\" content=\"es_ES\" \/>\n<meta property=\"og:type\" content=\"article\" \/>\n<meta property=\"og:title\" content=\"Pol\u00edtica de Cookies - MARADIGMA\" \/>\n<meta property=\"og:description\" content=\"[vc_row full_width=\u00bbstretch_row\u00bb content_placement=\u00bbmiddle\u00bb min_height=\u00bb300px\u00bb css=\u00bb.vc_custom_1759403332648{margin-bottom: 0px !important;background-image: url(https:\/\/maradigma.com\/wp-content\/uploads\/2025\/10\/bgbluewaves.webp?id=137) !important;}\u00bb wpex_bg_color=\u00bbaccent\u00bb][vc_column][\/vc_column][\/vc_row][vc_row full_width=\u00bbstretch_row\u00bb min_height=\u00bb500px\u00bb css=\u00bb.vc_custom_1761612700527{margin-top: 0px !important;margin-bottom: 0px !important;padding-top: 60px !important;padding-bottom: 60px !important;background-image: url(https:\/\/maradigma.com\/wp-content\/uploads\/2025\/10\/bgbackgroundgreytopmod-scaled.webp?id=1170) !important;background-position: 0 0 !important;background-repeat: no-repeat !important;}\u00bb wpex_bg_size=\u00bb100% auto\u00bb][vc_column][vc_column_text css=\u00bb\u00bb] 1. Pol\u00edtica de Cookies Informaci\u00f3n general Debido a la entrada en vigor de la referente modificaci\u00f3n de la \u201cLey de Servicios de la Sociedad&hellip;\" \/>\n<meta property=\"og:url\" content=\"https:\/\/maradigma.com\/es\/politica-de-cookies\/\" \/>\n<meta property=\"og:site_name\" content=\"MARADIGMA\" \/>\n<meta property=\"article:modified_time\" content=\"2025-12-10T16:14:53+00:00\" \/>\n<meta name=\"twitter:card\" content=\"summary_large_image\" \/>\n<meta name=\"twitter:label1\" content=\"Tiempo de lectura\" \/>\n\t<meta name=\"twitter:data1\" content=\"4 minutos\" \/>\n<script type=\"application\/ld+json\" class=\"yoast-schema-graph\">{\"@context\":\"https:\/\/schema.org\",\"@graph\":[{\"@type\":\"WebPage\",\"@id\":\"https:\/\/maradigma.com\/es\/politica-de-cookies\/\",\"url\":\"https:\/\/maradigma.com\/es\/politica-de-cookies\/\",\"name\":\"Pol\u00edtica de Cookies - MARADIGMA\",\"isPartOf\":{\"@id\":\"https:\/\/maradigma.com\/es\/#website\"},\"datePublished\":\"2025-10-01T10:39:29+00:00\",\"dateModified\":\"2025-12-10T16:14:53+00:00\",\"breadcrumb\":{\"@id\":\"https:\/\/maradigma.com\/es\/politica-de-cookies\/#breadcrumb\"},\"inLanguage\":\"es\",\"potentialAction\":[{\"@type\":\"ReadAction\",\"target\":[\"https:\/\/maradigma.com\/es\/politica-de-cookies\/\"]}]},{\"@type\":\"BreadcrumbList\",\"@id\":\"https:\/\/maradigma.com\/es\/politica-de-cookies\/#breadcrumb\",\"itemListElement\":[{\"@type\":\"ListItem\",\"position\":1,\"name\":\"Portada\",\"item\":\"https:\/\/maradigma.com\/es\/\"},{\"@type\":\"ListItem\",\"position\":2,\"name\":\"Pol\u00edtica de Cookies\"}]},{\"@type\":\"WebSite\",\"@id\":\"https:\/\/maradigma.com\/es\/#website\",\"url\":\"https:\/\/maradigma.com\/es\/\",\"name\":\"MARADIGMA\",\"description\":\"The all-in-one software to manage your boat rentals.\",\"publisher\":{\"@id\":\"https:\/\/maradigma.com\/es\/#organization\"},\"potentialAction\":[{\"@type\":\"SearchAction\",\"target\":{\"@type\":\"EntryPoint\",\"urlTemplate\":\"https:\/\/maradigma.com\/es\/?s={search_term_string}\"},\"query-input\":{\"@type\":\"PropertyValueSpecification\",\"valueRequired\":true,\"valueName\":\"search_term_string\"}}],\"inLanguage\":\"es\"},{\"@type\":\"Organization\",\"@id\":\"https:\/\/maradigma.com\/es\/#organization\",\"name\":\"MARADIGMA\",\"url\":\"https:\/\/maradigma.com\/es\/\",\"logo\":{\"@type\":\"ImageObject\",\"inLanguage\":\"es\",\"@id\":\"https:\/\/maradigma.com\/es\/#\/schema\/logo\/image\/\",\"url\":\"https:\/\/maradigma.com\/wp-content\/uploads\/2025\/12\/MARADIGMA-logotipo-navyBAJA.png\",\"contentUrl\":\"https:\/\/maradigma.com\/wp-content\/uploads\/2025\/12\/MARADIGMA-logotipo-navyBAJA.png\",\"width\":991,\"height\":991,\"caption\":\"MARADIGMA\"},\"image\":{\"@id\":\"https:\/\/maradigma.com\/es\/#\/schema\/logo\/image\/\"}}]}<\/script>\n<!-- \/ Yoast SEO plugin. -->","yoast_head_json":{"title":"Pol\u00edtica de Cookies - MARADIGMA","robots":{"index":"noindex","follow":"nofollow"},"og_locale":"es_ES","og_type":"article","og_title":"Pol\u00edtica de Cookies - MARADIGMA","og_description":"[vc_row full_width=\u00bbstretch_row\u00bb content_placement=\u00bbmiddle\u00bb min_height=\u00bb300px\u00bb css=\u00bb.vc_custom_1759403332648{margin-bottom: 0px !important;background-image: url(https:\/\/maradigma.com\/wp-content\/uploads\/2025\/10\/bgbluewaves.webp?id=137) !important;}\u00bb wpex_bg_color=\u00bbaccent\u00bb][vc_column][\/vc_column][\/vc_row][vc_row full_width=\u00bbstretch_row\u00bb min_height=\u00bb500px\u00bb css=\u00bb.vc_custom_1761612700527{margin-top: 0px !important;margin-bottom: 0px !important;padding-top: 60px !important;padding-bottom: 60px !important;background-image: url(https:\/\/maradigma.com\/wp-content\/uploads\/2025\/10\/bgbackgroundgreytopmod-scaled.webp?id=1170) !important;background-position: 0 0 !important;background-repeat: no-repeat !important;}\u00bb wpex_bg_size=\u00bb100% auto\u00bb][vc_column][vc_column_text css=\u00bb\u00bb] 1. Pol\u00edtica de Cookies Informaci\u00f3n general Debido a la entrada en vigor de la referente modificaci\u00f3n de la \u201cLey de Servicios de la Sociedad&hellip;","og_url":"https:\/\/maradigma.com\/es\/politica-de-cookies\/","og_site_name":"MARADIGMA","article_modified_time":"2025-12-10T16:14:53+00:00","twitter_card":"summary_large_image","twitter_misc":{"Tiempo de lectura":"4 minutos"},"schema":{"@context":"https:\/\/schema.org","@graph":[{"@type":"WebPage","@id":"https:\/\/maradigma.com\/es\/politica-de-cookies\/","url":"https:\/\/maradigma.com\/es\/politica-de-cookies\/","name":"Pol\u00edtica de Cookies - MARADIGMA","isPartOf":{"@id":"https:\/\/maradigma.com\/es\/#website"},"datePublished":"2025-10-01T10:39:29+00:00","dateModified":"2025-12-10T16:14:53+00:00","breadcrumb":{"@id":"https:\/\/maradigma.com\/es\/politica-de-cookies\/#breadcrumb"},"inLanguage":"es","potentialAction":[{"@type":"ReadAction","target":["https:\/\/maradigma.com\/es\/politica-de-cookies\/"]}]},{"@type":"BreadcrumbList","@id":"https:\/\/maradigma.com\/es\/politica-de-cookies\/#breadcrumb","itemListElement":[{"@type":"ListItem","position":1,"name":"Portada","item":"https:\/\/maradigma.com\/es\/"},{"@type":"ListItem","position":2,"name":"Pol\u00edtica de Cookies"}]},{"@type":"WebSite","@id":"https:\/\/maradigma.com\/es\/#website","url":"https:\/\/maradigma.com\/es\/","name":"MARADIGMA","description":"The all-in-one software to manage your boat rentals.","publisher":{"@id":"https:\/\/maradigma.com\/es\/#organization"},"potentialAction":[{"@type":"SearchAction","target":{"@type":"EntryPoint","urlTemplate":"https:\/\/maradigma.com\/es\/?s={search_term_string}"},"query-input":{"@type":"PropertyValueSpecification","valueRequired":true,"valueName":"search_term_string"}}],"inLanguage":"es"},{"@type":"Organization","@id":"https:\/\/maradigma.com\/es\/#organization","name":"MARADIGMA","url":"https:\/\/maradigma.com\/es\/","logo":{"@type":"ImageObject","inLanguage":"es","@id":"https:\/\/maradigma.com\/es\/#\/schema\/logo\/image\/","url":"https:\/\/maradigma.com\/wp-content\/uploads\/2025\/12\/MARADIGMA-logotipo-navyBAJA.png","contentUrl":"https:\/\/maradigma.com\/wp-content\/uploads\/2025\/12\/MARADIGMA-logotipo-navyBAJA.png","width":991,"height":991,"caption":"MARADIGMA"},"image":{"@id":"https:\/\/maradigma.com\/es\/#\/schema\/logo\/image\/"}}]}},"_links":{"self":[{"href":"https:\/\/maradigma.com\/es\/wp-json\/wp\/v2\/pages\/896","targetHints":{"allow":["GET"]}}],"collection":[{"href":"https:\/\/maradigma.com\/es\/wp-json\/wp\/v2\/pages"}],"about":[{"href":"https:\/\/maradigma.com\/es\/wp-json\/wp\/v2\/types\/page"}],"author":[{"embeddable":true,"href":"https:\/\/maradigma.com\/es\/wp-json\/wp\/v2\/users\/1"}],"replies":[{"embeddable":true,"href":"https:\/\/maradigma.com\/es\/wp-json\/wp\/v2\/comments?post=896"}],"version-history":[{"count":3,"href":"https:\/\/maradigma.com\/es\/wp-json\/wp\/v2\/pages\/896\/revisions"}],"predecessor-version":[{"id":1226,"href":"https:\/\/maradigma.com\/es\/wp-json\/wp\/v2\/pages\/896\/revisions\/1226"}],"wp:attachment":[{"href":"https:\/\/maradigma.com\/es\/wp-json\/wp\/v2\/media?parent=896"}],"curies":[{"name":"wp","href":"https:\/\/api.w.org\/{rel}","templated":true}]}}