{"id":37,"date":"2025-10-01T12:39:29","date_gmt":"2025-10-01T10:39:29","guid":{"rendered":"https:\/\/maradigma.com\/?page_id=37"},"modified":"2025-12-10T17:14:34","modified_gmt":"2025-12-10T16:14:34","slug":"cookie-policy","status":"publish","type":"page","link":"https:\/\/maradigma.com\/en\/cookie-policy\/","title":{"rendered":"Cookie Policy"},"content":{"rendered":"<div class=\"wpb-content-wrapper\">[vc_row full_width=&#8221;stretch_row&#8221; content_placement=&#8221;middle&#8221; min_height=&#8221;300px&#8221; css=&#8221;.vc_custom_1759403332648{margin-bottom: 0px !important;background-image: url(https:\/\/maradigma.com\/wp-content\/uploads\/2025\/10\/bgbluewaves.webp?id=137) !important;}&#8221; wpex_bg_color=&#8221;accent&#8221;][vc_column]<style>.vcex-heading.vcex_69e0f96a961d5{color:#ffffff;font-size:32px;font-family:var(--wpex-favorit-font);font-weight:500;}<\/style><h2 class=\"vcex-heading vcex-heading-plain vcex-module wpex-heading wpex-text-2xl wpex-text-center vcex_69e0f96a961d5\"><span class=\"vcex-heading-inner wpex-inline-block\">Cookie Policy<\/span><\/h2>[\/vc_column][\/vc_row][vc_row full_width=&#8221;stretch_row&#8221; min_height=&#8221;500px&#8221; css=&#8221;.vc_custom_1761612761441{margin-top: 0px !important;margin-bottom: 0px !important;padding-top: 60px !important;padding-bottom: 60px !important;background-image: url(https:\/\/maradigma.com\/wp-content\/uploads\/2025\/10\/bgbackgroundgreytopmod-scaled.webp?id=1170) !important;background-position: 0 0 !important;background-repeat: no-repeat !important;}&#8221; wpex_bg_size=&#8221;100% auto&#8221;][vc_column][vc_column_text css=&#8221;&#8221;]\n<div class=\"card-body p-10\">\n<h2 class=\"mb-3\">1. Cookies Policy<\/h2>\n<h3 class=\"mb-3\">General information<\/h3>\n<p>Due to the entry into force of the referent modification of the &#8220;Information Society Services Law&#8221; (LSSICE) established by Royal Decree 13\/2012, it is mandatory to obtain the express consent of the user of all web pages that they use expendable cookies, before you navigate through them.<\/p>\n<h3 class=\"mb-3\">What are cookies?<\/h3>\n<p>Cookies and other similar technologies such as local shared objects, flash cookies or pixels, are tools used by Web servers to store and retrieve information about their visitors, as well as to offer a correct functioning of the site.<\/p>\n<p>Through the use of these devices, the Web server is allowed to remember some data concerning the user, such as their preferences for viewing the pages of that server, name and password, products that interest them the most, etc.<\/p>\n<h3 class=\"mb-3\">Cookies affected by regulations and excepted cookies<\/h3>\n<p>According to the EU directive, the cookies that require the informed consent of the user are analytical cookies and advertising and affiliation cookies, except for those of a technical nature and those necessary for the operation of the website or the provision of services. expressly requested by the user.<\/p>\n<h3 class=\"mb-3\">What types of cookies exist?<\/h3>\n<h5 class=\"mb-3\">According to its ownership<\/h5>\n<ul class=\"icon-list bullet-bg bullet-soft-primary\">\n<li><i class=\"uil uil-check\"><\/i>Own cookies: These are those that are sent to the user&#8217;s terminal equipment from a computer or domain managed by the editor itself and from which the service requested by the user is provided.<\/li>\n<li><i class=\"uil uil-check\"><\/i>Third-party cookies: These are those that are sent to the user&#8217;s terminal equipment from a computer or domain that is not managed by the publisher, but by another entity that processes the data obtained through cookies.<\/li>\n<\/ul>\n<h5 class=\"mb-3\">According to its duration<\/h5>\n<ul class=\"icon-list bullet-bg bullet-soft-primary\">\n<li><i class=\"uil uil-check\"><\/i>Session Cookies: They are a type of cookies designed to collect and store data while the user accesses a web page.<\/li>\n<li><i class=\"uil uil-check\"><\/i>Persistent cookies: These are a type of cookie in which the data is still stored in the terminal and can be accessed and processed for a period defined by the person responsible for the cookie, and which can range from a few minutes to several years.<\/li>\n<\/ul>\n<h5 class=\"mb-3\">According to its functionality<\/h5>\n<ul class=\"icon-list bullet-bg bullet-soft-primary\">\n<li><i class=\"uil uil-check\"><\/i>Necessary cookies: are those essential for the proper functioning of the website. They do not collect any type of user data and collect information such as language preference, if the cookie policy has been accepted, etc.<\/li>\n<li><i class=\"uil uil-check\"><\/i>Analysis cookies: These are those that, well treated by us or by third parties, allow us to quantify the number of users and thus carry out the measurement and statistical analysis of the use made by users of the service offered. For this, your browsing on our website is analyzed in order to improve the offer of products or services that we offer you.<\/li>\n<li><i class=\"uil uil-check\"><\/i>Advertising or marketing cookies: These are those that allow the management, in the most efficient way possible, of the advertising spaces that, where appropriate, the editor has included in a web page, application or platform from which the requested service is provided in based on criteria such as edited content or how often ads are shown.<\/li>\n<li><i class=\"uil uil-check\"><\/i>Cookies de publicidad comportamental o de marketing personalizado: Son aqu\u00e9llas que permiten la gesti\u00f3n, de la forma m\u00e1s eficaz posible, de los espacios publicitarios que, en su caso, el editor haya incluido en una p\u00e1gina web, aplicaci\u00f3n o plataforma desde la que presta el servicio solicitado. Estas cookies almacenan informaci\u00f3n del comportamiento de los usuarios obtenida a trav\u00e9s de la observaci\u00f3n continuada de sus h\u00e1bitos de navegaci\u00f3n, lo que permite desarrollar un perfil espec\u00edfico para mostrar publicidad en funci\u00f3n del mismo. Asimismo es posible que al visitar alguna p\u00e1gina web o al abrir alg\u00fan email donde se publique alg\u00fan anuncio o alguna promoci\u00f3n sobre nuestros productos o servicios se instale en tu navegador alguna cookie que nos sirve para mostrarte posteriormente publicidad relacionada con la b\u00fasqueda que hayas realizado, desarrollar un control de nuestros anuncios en relaci\u00f3n, por ejemplo, con el n\u00famero de veces que son vistos, donde aparecen, a qu\u00e9 hora se ven, etc.<\/li>\n<\/ul>\n<h3 class=\"mb-3\">Cookie declaration<\/h3>\n<p>We use GOOGLE ANALYTICS cookies to collect anonymous and joint statistics that allow us to understand the way users use our website, in order to improve it and adjust it to the preferences of our visitors.<\/p>\n<p>GOOGLE ANALYTICS is a tool provided by the company Google, Inc., 1600 Amphitheater Parkway. Mountain View, CA 94043. USA. You can get more information about the operation of GOOGLE ANALYTICS and the cookies used by this service in the following links:<\/p>\n<ul class=\"icon-list bullet-bg bullet-soft-primary\">\n<li><i class=\"uil uil-check\"><\/i><a href=\"https:\/\/www.bchmultiservices.com\/en\/URL\" target=\"_blank\" rel=\"noopener \u201dnoreferrer&quot;\">https:\/\/support.google.com\/analytics\/answer\/6004245<\/a><\/li>\n<li><i class=\"uil uil-check\"><\/i><a href=\"https:\/\/www.bchmultiservices.com\/en\/URL\" target=\"_blank\" rel=\"noopener \u201dnoreferrer&quot;\">http:\/\/www.google.com\/intl\/en\/policies\/privacy\/<\/a><\/li>\n<\/ul>\n<p>You can desactivate GOOGLE ANALYTICS cookies by installing in your browser the opt-out add-on created by Google and available at the following link: <a href=\"https:\/\/tools.google.com\/dlpage\/gaoptout?hl=en\" target=\"_blank\" rel=\"noopener \u201dnoreferrer&quot;\">https:\/\/tools.google.com\/dlpage\/gaoptout?hl=en<\/a><\/p>\n<h3 class=\"mb-3\">Revocation of consent to install Cookies<\/h3>\n<p>How to remove Cookies from the browser:<\/p>\n<ul class=\"icon-list bullet-bg bullet-soft-primary\">\n<li style=\"list-style-type: none;\">\n<ul class=\"icon-list bullet-bg bullet-soft-primary\">\n<li><i class=\"uil uil-check\"><\/i>Chrome:<\/li>\n<\/ul>\n<\/li>\n<\/ul>\n<p><a href=\"https:\/\/www.bchmultiservices.com\/en\/URL\" target=\"_blank\" rel=\"noopener \u201dnoreferrer&quot;\">https:\/\/support.google.com\/chrome\/answer\/95647<\/a><\/p>\n<ul class=\"icon-list bullet-bg bullet-soft-primary\">\n<li style=\"list-style-type: none;\">\n<ul class=\"icon-list bullet-bg bullet-soft-primary\">\n<li style=\"list-style-type: none;\">\n<ul class=\"icon-list bullet-bg bullet-soft-primary\">\n<li><i class=\"uil uil-check\"><\/i>Internet Explorer:<\/li>\n<\/ul>\n<\/li>\n<\/ul>\n<\/li>\n<\/ul>\n<p><a href=\"https:\/\/www.bchmultiservices.com\/en\/URL\" target=\"_blank\" rel=\"noopener \u201dnoreferrer&quot;\">https:\/\/support.microsoft.com\/es-es\/help\/17442\/windows-internet-explorer-delete-manage-cookies<\/a><\/p>\n<ul class=\"icon-list bullet-bg bullet-soft-primary\">\n<li style=\"list-style-type: none;\">\n<ul class=\"icon-list bullet-bg bullet-soft-primary\">\n<li style=\"list-style-type: none;\">\n<ul class=\"icon-list bullet-bg bullet-soft-primary\">\n<li style=\"list-style-type: none;\">\n<ul class=\"icon-list bullet-bg bullet-soft-primary\">\n<li><i class=\"uil uil-check\"><\/i>Firefox:<\/li>\n<\/ul>\n<\/li>\n<\/ul>\n<\/li>\n<\/ul>\n<\/li>\n<\/ul>\n<p><a href=\"https:\/\/www.bchmultiservices.com\/en\/URL\" target=\"_blank\" rel=\"noopener \u201dnoreferrer&quot;\">https:\/\/support.mozilla.org\/es\/kb\/habilitar-y-deshabilitar-cookies-sitios-web-rastrear-preferencias<\/a><\/p>\n<ul class=\"icon-list bullet-bg bullet-soft-primary\">\n<li style=\"list-style-type: none;\">\n<ul class=\"icon-list bullet-bg bullet-soft-primary\">\n<li style=\"list-style-type: none;\">\n<ul class=\"icon-list bullet-bg bullet-soft-primary\">\n<li style=\"list-style-type: none;\">\n<ul class=\"icon-list bullet-bg bullet-soft-primary\">\n<li style=\"list-style-type: none;\">\n<ul class=\"icon-list bullet-bg bullet-soft-primary\">\n<li><i class=\"uil uil-check\"><\/i>Safari:<\/li>\n<\/ul>\n<\/li>\n<\/ul>\n<\/li>\n<\/ul>\n<\/li>\n<\/ul>\n<\/li>\n<\/ul>\n<p><a href=\"https:\/\/www.bchmultiservices.com\/en\/URL\" target=\"_blank\" rel=\"noopener \u201dnoreferrer&quot;\">https:\/\/support.apple.com\/es-es\/guide\/safari\/sfri11471\/mac<\/a><\/p>\n<ul class=\"icon-list bullet-bg bullet-soft-primary\">\n<li style=\"list-style-type: none;\">\n<ul class=\"icon-list bullet-bg bullet-soft-primary\">\n<li style=\"list-style-type: none;\">\n<ul class=\"icon-list bullet-bg bullet-soft-primary\">\n<li style=\"list-style-type: none;\">\n<ul class=\"icon-list bullet-bg bullet-soft-primary\">\n<li style=\"list-style-type: none;\">\n<ul class=\"icon-list bullet-bg bullet-soft-primary\">\n<li style=\"list-style-type: none;\">\n<ul class=\"icon-list bullet-bg bullet-soft-primary\">\n<li><i class=\"uil uil-check\"><\/i>Opera:<\/li>\n<\/ul>\n<\/li>\n<\/ul>\n<\/li>\n<\/ul>\n<\/li>\n<\/ul>\n<\/li>\n<\/ul>\n<\/li>\n<\/ul>\n<p><a href=\"https:\/\/www.bchmultiservices.com\/en\/URL\" target=\"_blank\" rel=\"noopener \u201dnoreferrer&quot;\">https:\/\/www.opera.com\/help\/tutorials\/security\/privacy\/<\/a>If it is not listed, consult the documentation of the browser you have installed to block, delete or allow the download of Cookies.<\/p>\n<\/div>\n[\/vc_column_text][\/vc_column][\/vc_row]\n<\/div>","protected":false},"excerpt":{"rendered":"<p>[vc_row full_width=&#8221;stretch_row&#8221; content_placement=&#8221;middle&#8221; min_height=&#8221;300px&#8221; css=&#8221;.vc_custom_1759403332648{margin-bottom: 0px !important;background-image: url(https:\/\/maradigma.com\/wp-content\/uploads\/2025\/10\/bgbluewaves.webp?id=137) !important;}&#8221; wpex_bg_color=&#8221;accent&#8221;][vc_column][\/vc_column][\/vc_row][vc_row full_width=&#8221;stretch_row&#8221; min_height=&#8221;500px&#8221; css=&#8221;.vc_custom_1761612761441{margin-top: 0px !important;margin-bottom: 0px !important;padding-top: 60px !important;padding-bottom: 60px !important;background-image: url(https:\/\/maradigma.com\/wp-content\/uploads\/2025\/10\/bgbackgroundgreytopmod-scaled.webp?id=1170) !important;background-position: 0 0 !important;background-repeat: no-repeat !important;}&#8221; wpex_bg_size=&#8221;100% auto&#8221;][vc_column][vc_column_text css=&#8221;&#8221;] 1. Cookies Policy General information Due to the entry into force of the referent modification of the &#8220;Information Society Services Law&#8221; (LSSICE) established by&hellip;<\/p>\n","protected":false},"author":1,"featured_media":0,"parent":0,"menu_order":0,"comment_status":"closed","ping_status":"closed","template":"","meta":{"inline_featured_image":false,"footnotes":""},"class_list":["post-37","page","type-page","status-publish","hentry","entry","no-media"],"yoast_head":"<!-- This site is optimized with the Yoast SEO plugin v26.5 - https:\/\/yoast.com\/wordpress\/plugins\/seo\/ -->\n<title>Cookie Policy - MARADIGMA<\/title>\n<meta name=\"robots\" content=\"noindex, nofollow\" \/>\n<meta property=\"og:locale\" content=\"en_US\" \/>\n<meta property=\"og:type\" content=\"article\" \/>\n<meta property=\"og:title\" content=\"Cookie Policy - MARADIGMA\" \/>\n<meta property=\"og:description\" content=\"[vc_row full_width=&#8221;stretch_row&#8221; content_placement=&#8221;middle&#8221; min_height=&#8221;300px&#8221; css=&#8221;.vc_custom_1759403332648{margin-bottom: 0px !important;background-image: url(https:\/\/maradigma.com\/wp-content\/uploads\/2025\/10\/bgbluewaves.webp?id=137) !important;}&#8221; wpex_bg_color=&#8221;accent&#8221;][vc_column][\/vc_column][\/vc_row][vc_row full_width=&#8221;stretch_row&#8221; min_height=&#8221;500px&#8221; css=&#8221;.vc_custom_1761612761441{margin-top: 0px !important;margin-bottom: 0px !important;padding-top: 60px !important;padding-bottom: 60px !important;background-image: url(https:\/\/maradigma.com\/wp-content\/uploads\/2025\/10\/bgbackgroundgreytopmod-scaled.webp?id=1170) !important;background-position: 0 0 !important;background-repeat: no-repeat !important;}&#8221; wpex_bg_size=&#8221;100% auto&#8221;][vc_column][vc_column_text css=&#8221;&#8221;] 1. Cookies Policy General information Due to the entry into force of the referent modification of the &#8220;Information Society Services Law&#8221; (LSSICE) established by&hellip;\" \/>\n<meta property=\"og:url\" content=\"https:\/\/maradigma.com\/en\/cookie-policy\/\" \/>\n<meta property=\"og:site_name\" content=\"MARADIGMA\" \/>\n<meta property=\"article:modified_time\" content=\"2025-12-10T16:14:34+00:00\" \/>\n<meta name=\"twitter:card\" content=\"summary_large_image\" \/>\n<meta name=\"twitter:label1\" content=\"Est. reading time\" \/>\n\t<meta name=\"twitter:data1\" content=\"4 minutes\" \/>\n<script type=\"application\/ld+json\" class=\"yoast-schema-graph\">{\"@context\":\"https:\/\/schema.org\",\"@graph\":[{\"@type\":\"WebPage\",\"@id\":\"https:\/\/maradigma.com\/en\/cookie-policy\/\",\"url\":\"https:\/\/maradigma.com\/en\/cookie-policy\/\",\"name\":\"Cookie Policy - MARADIGMA\",\"isPartOf\":{\"@id\":\"https:\/\/maradigma.com\/en\/#website\"},\"datePublished\":\"2025-10-01T10:39:29+00:00\",\"dateModified\":\"2025-12-10T16:14:34+00:00\",\"breadcrumb\":{\"@id\":\"https:\/\/maradigma.com\/en\/cookie-policy\/#breadcrumb\"},\"inLanguage\":\"en-US\",\"potentialAction\":[{\"@type\":\"ReadAction\",\"target\":[\"https:\/\/maradigma.com\/en\/cookie-policy\/\"]}]},{\"@type\":\"BreadcrumbList\",\"@id\":\"https:\/\/maradigma.com\/en\/cookie-policy\/#breadcrumb\",\"itemListElement\":[{\"@type\":\"ListItem\",\"position\":1,\"name\":\"Portada\",\"item\":\"https:\/\/maradigma.com\/en\/\"},{\"@type\":\"ListItem\",\"position\":2,\"name\":\"Cookie Policy\"}]},{\"@type\":\"WebSite\",\"@id\":\"https:\/\/maradigma.com\/en\/#website\",\"url\":\"https:\/\/maradigma.com\/en\/\",\"name\":\"MARADIGMA\",\"description\":\"The all-in-one software to manage your boat rentals.\",\"publisher\":{\"@id\":\"https:\/\/maradigma.com\/en\/#organization\"},\"potentialAction\":[{\"@type\":\"SearchAction\",\"target\":{\"@type\":\"EntryPoint\",\"urlTemplate\":\"https:\/\/maradigma.com\/en\/?s={search_term_string}\"},\"query-input\":{\"@type\":\"PropertyValueSpecification\",\"valueRequired\":true,\"valueName\":\"search_term_string\"}}],\"inLanguage\":\"en-US\"},{\"@type\":\"Organization\",\"@id\":\"https:\/\/maradigma.com\/en\/#organization\",\"name\":\"MARADIGMA\",\"url\":\"https:\/\/maradigma.com\/en\/\",\"logo\":{\"@type\":\"ImageObject\",\"inLanguage\":\"en-US\",\"@id\":\"https:\/\/maradigma.com\/en\/#\/schema\/logo\/image\/\",\"url\":\"https:\/\/maradigma.com\/wp-content\/uploads\/2025\/12\/MARADIGMA-logotipo-navyBAJA.png\",\"contentUrl\":\"https:\/\/maradigma.com\/wp-content\/uploads\/2025\/12\/MARADIGMA-logotipo-navyBAJA.png\",\"width\":991,\"height\":991,\"caption\":\"MARADIGMA\"},\"image\":{\"@id\":\"https:\/\/maradigma.com\/en\/#\/schema\/logo\/image\/\"}}]}<\/script>\n<!-- \/ Yoast SEO plugin. -->","yoast_head_json":{"title":"Cookie Policy - MARADIGMA","robots":{"index":"noindex","follow":"nofollow"},"og_locale":"en_US","og_type":"article","og_title":"Cookie Policy - MARADIGMA","og_description":"[vc_row full_width=&#8221;stretch_row&#8221; content_placement=&#8221;middle&#8221; min_height=&#8221;300px&#8221; css=&#8221;.vc_custom_1759403332648{margin-bottom: 0px !important;background-image: url(https:\/\/maradigma.com\/wp-content\/uploads\/2025\/10\/bgbluewaves.webp?id=137) !important;}&#8221; wpex_bg_color=&#8221;accent&#8221;][vc_column][\/vc_column][\/vc_row][vc_row full_width=&#8221;stretch_row&#8221; min_height=&#8221;500px&#8221; css=&#8221;.vc_custom_1761612761441{margin-top: 0px !important;margin-bottom: 0px !important;padding-top: 60px !important;padding-bottom: 60px !important;background-image: url(https:\/\/maradigma.com\/wp-content\/uploads\/2025\/10\/bgbackgroundgreytopmod-scaled.webp?id=1170) !important;background-position: 0 0 !important;background-repeat: no-repeat !important;}&#8221; wpex_bg_size=&#8221;100% auto&#8221;][vc_column][vc_column_text css=&#8221;&#8221;] 1. Cookies Policy General information Due to the entry into force of the referent modification of the &#8220;Information Society Services Law&#8221; (LSSICE) established by&hellip;","og_url":"https:\/\/maradigma.com\/en\/cookie-policy\/","og_site_name":"MARADIGMA","article_modified_time":"2025-12-10T16:14:34+00:00","twitter_card":"summary_large_image","twitter_misc":{"Est. reading time":"4 minutes"},"schema":{"@context":"https:\/\/schema.org","@graph":[{"@type":"WebPage","@id":"https:\/\/maradigma.com\/en\/cookie-policy\/","url":"https:\/\/maradigma.com\/en\/cookie-policy\/","name":"Cookie Policy - MARADIGMA","isPartOf":{"@id":"https:\/\/maradigma.com\/en\/#website"},"datePublished":"2025-10-01T10:39:29+00:00","dateModified":"2025-12-10T16:14:34+00:00","breadcrumb":{"@id":"https:\/\/maradigma.com\/en\/cookie-policy\/#breadcrumb"},"inLanguage":"en-US","potentialAction":[{"@type":"ReadAction","target":["https:\/\/maradigma.com\/en\/cookie-policy\/"]}]},{"@type":"BreadcrumbList","@id":"https:\/\/maradigma.com\/en\/cookie-policy\/#breadcrumb","itemListElement":[{"@type":"ListItem","position":1,"name":"Portada","item":"https:\/\/maradigma.com\/en\/"},{"@type":"ListItem","position":2,"name":"Cookie Policy"}]},{"@type":"WebSite","@id":"https:\/\/maradigma.com\/en\/#website","url":"https:\/\/maradigma.com\/en\/","name":"MARADIGMA","description":"The all-in-one software to manage your boat rentals.","publisher":{"@id":"https:\/\/maradigma.com\/en\/#organization"},"potentialAction":[{"@type":"SearchAction","target":{"@type":"EntryPoint","urlTemplate":"https:\/\/maradigma.com\/en\/?s={search_term_string}"},"query-input":{"@type":"PropertyValueSpecification","valueRequired":true,"valueName":"search_term_string"}}],"inLanguage":"en-US"},{"@type":"Organization","@id":"https:\/\/maradigma.com\/en\/#organization","name":"MARADIGMA","url":"https:\/\/maradigma.com\/en\/","logo":{"@type":"ImageObject","inLanguage":"en-US","@id":"https:\/\/maradigma.com\/en\/#\/schema\/logo\/image\/","url":"https:\/\/maradigma.com\/wp-content\/uploads\/2025\/12\/MARADIGMA-logotipo-navyBAJA.png","contentUrl":"https:\/\/maradigma.com\/wp-content\/uploads\/2025\/12\/MARADIGMA-logotipo-navyBAJA.png","width":991,"height":991,"caption":"MARADIGMA"},"image":{"@id":"https:\/\/maradigma.com\/en\/#\/schema\/logo\/image\/"}}]}},"_links":{"self":[{"href":"https:\/\/maradigma.com\/en\/wp-json\/wp\/v2\/pages\/37","targetHints":{"allow":["GET"]}}],"collection":[{"href":"https:\/\/maradigma.com\/en\/wp-json\/wp\/v2\/pages"}],"about":[{"href":"https:\/\/maradigma.com\/en\/wp-json\/wp\/v2\/types\/page"}],"author":[{"embeddable":true,"href":"https:\/\/maradigma.com\/en\/wp-json\/wp\/v2\/users\/1"}],"replies":[{"embeddable":true,"href":"https:\/\/maradigma.com\/en\/wp-json\/wp\/v2\/comments?post=37"}],"version-history":[{"count":5,"href":"https:\/\/maradigma.com\/en\/wp-json\/wp\/v2\/pages\/37\/revisions"}],"predecessor-version":[{"id":1232,"href":"https:\/\/maradigma.com\/en\/wp-json\/wp\/v2\/pages\/37\/revisions\/1232"}],"wp:attachment":[{"href":"https:\/\/maradigma.com\/en\/wp-json\/wp\/v2\/media?parent=37"}],"curies":[{"name":"wp","href":"https:\/\/api.w.org\/{rel}","templated":true}]}}